{"id":61,"date":"2016-03-25T09:29:05","date_gmt":"2016-03-25T09:29:05","guid":{"rendered":"http:\/\/damiavives.com\/?page_id=60"},"modified":"2016-06-08T15:56:24","modified_gmt":"2016-06-08T15:56:24","slug":"cv","status":"publish","type":"page","link":"https:\/\/damiavives.com\/en\/cv\/","title":{"rendered":"CV"},"content":{"rendered":"<p><strong>Formaci\u00f3 acad\u00e8mica<\/strong><\/p>\n<table class=\"table\">\n<tbody>\n<tr>\n<td>2010<\/td>\n<td>M\u00e0ster Oficial en Produccions Art\u00edstiques i Recerca per la Universitat de Barcelona.<\/td>\n<\/tr>\n<tr>\n<td>2008<\/td>\n<td>Llicenciat en Belles Arts per la Universitat de Barcelona.<\/td>\n<\/tr>\n<\/tbody>\n<\/table>\n<p>Exposicions i premis<\/p>\n<table class=\"table\">\n<tbody>\n<tr>\n<td>2015<\/td>\n<td>&#8220;25 al quadrat&#8221;, Centre d&#8217;Art Piramid\u00f3n, Barcelona.<\/td>\n<\/tr>\n<tr>\n<td><\/td>\n<td>&#8220;Archivo intervenido. Ciudad Tomada.&#8221;, Festival de arte contempor\u00e1neo de Saltillo, Saltillo, M\u00e9xico. Comissariat per Fernando G\u00f3mez de la Cuesta.<\/td>\n<\/tr>\n<tr>\n<td><\/td>\n<td>&#8220;Alart&#8221;, Casal Son Tugores, Alar\u00f3.<\/td>\n<\/tr>\n<tr>\n<td><\/td>\n<td><strong>Menci\u00f3 d&#8217;honor<\/strong> \u201c50\u00e8 Certamen Internacional d&#8217;Arts Pl\u00e0stiques 2015\u201d, museu de Pollen\u00e7a, Pollen\u00e7a. (cat\u00e0leg).<\/td>\n<\/tr>\n<tr>\n<td><\/td>\n<td>\u201cQu\u00e8 \u00e9s l&#8217;Espai&#8221;, Espai B5-125, Universitat Aut\u00f2noma Barcelona, Cerdanyola del Vall\u00e8s.<\/td>\n<\/tr>\n<td>2014<\/td>\n<td>Intervenci\u00f3 en &#8220;El Pal\u00edmpsest C\u00fabic&#8221; conjuntament amb Quelic Berga, La Talaia, Salt, Girona.<\/td>\n<\/tr>\n<tr>\n<td>2013<\/td>\n<td>&#8220;Dami\u00e0 Vives: m\u00e9s enll\u00e0 de la l\u00ednia&#8221;, Universitat Aut\u00f2noma de Barcelona, Barcelona.<\/td>\n<\/tr>\n<tr>\n<td><\/td>\n<td><strong>Finalista<\/strong> \u201cXX Premi Ciutat de Manacor d&#8217;Arts Pl\u00e0stiques\u201d, Torre del Enagises, Manacor. (cat\u00e0leg)<\/td>\n<\/tr>\n<tr>\n<td><\/td>\n<td><strong>Finalista<\/strong> \u201cPremi ciutat de Palma \u201cAntoni Gelabert\u201d d\u2019Arts Visuals 2012\u201d, Casal Solleric, Palma de Mallorca. (cat\u00e0leg)<\/td>\n<\/tr>\n<\/tbody>\n<\/table>\n<p>2012 Segon Premi &#8220;Premi de pintura internacional Guasch Coranty&#8221;, Centre Metropolit\u00e0 d\u2019Art Tecla Sala, l\u2019Hospitalet de Llobregat. (cat\u00e0leg) 2011 &#8220;Foc Creuat&#8221; Centre Arts Santa M\u00f3nica, Barcelona. Finalista &#8220;Cert\u00e0men d&#8217;Artes Visuales &#8216;Art Jove'&#8221; Centre cultural &#8220;Ses Voltes&#8221;, Palma de Mallorca. 2010 Guardonat &#8220;CREA + INTERM\u00c8DIA \u2013 PRODUCCI\u00d3&#8221; Museu Dioces\u00e0 de Lleida, Lleida. (cat\u00e0leg) 2008 &#8220;L\u2019esperit de les llums&#8221; Espai Mallorca, Barcelona. &#8220;Sense T\u00edtol &#8217;08&#8221; Facultat de Bellas Artes, Barcelona. &#8220;VI Biennale Internazionale di Pittura&#8221; Pavarolo, Torino, It\u00e0lia. (cat\u00e0leg) &#8220;VI Biennale Internazionale di Pittura&#8221; Recinte de l&#8217;escoa Industrial, Barcelona. (cat\u00e0leg) Confer\u00e8ncies, cursos i seminaris | Conferencias, cursos y seminarios | Lectures, courses and seminars 2013 &#8220;I Simposio Internacional Topografes de l&#8217;Invisible: Estrat\u00e8gies cr\u00edtiques entre Art i Geografa&#8221;, Universitat de Barcelona. &#8220;Taller para performance&#8221; a c\u00e0rrec de Joan Morey, Hangar centre d&#8217;Art Contemporani, Barcelona. 2012 Taller \u201cPensar el so en l\u2019espai\u201d a c\u00e0rrec de Concha Jerez i Jos\u00e9 Iges,Arts Santa M\u00f2nica, Barcelona. 2011 Seminari &#8220;Models de recerca en la producci\u00f3 art\u00edstica&#8221;, Comissi\u00f3 del Doctorat Estudis Avan\u00e7ats en Produccions Art\u00edstiques i Recerca, Facultat de belles arts, Barcelona Seminari Txuspo Poyo, programa Crea + Interm\u00e8dia &#8211; Producci\u00f3 &#8217;10, Centre d&#8217;Art la Panera, Lleida. &#8220;Comunicaci\u00f3 i presentaci\u00f3 de la traject\u00f2ria professional art\u00edstica&#8221; impartit per Joan Morey, Associaci\u00f3 d&#8217;Artistes Visuals de Catalunya, Barcelona. Mikel Arce: &#8220;Creaci\u00f3, investigaci\u00f3 i doc\u00e8ncia en art sonor&#8221;, Arts Santa M\u00f2nica, Barcelona. Curs sobre les Bones Pr\u00e0ctiques Professionals a les Arts Visuals, Escola Massana. 2010 &#8220;La repetici\u00f3 i la difer\u00e8ncia&#8221;. Jornades de debat. Sala d&#8217;Art Jove, Sant Andreu Contemporani i Can Felipa Arts Visuals, Barcelona. 2009 Workshop de Jana Sterback a la Universitat de Barcelona. 2008 &#8220;Simposi Internacional Impressi\u00f3 expandida&#8221;, Universitat de Barcelona. Beques i Resid\u00e8ncies | Becas y Residencias | Grants and Residencies 2013 III Encontro Artistas Novos &#8220;Cidade da Cultura&#8221;, Santiago de compostela. 2012 Resid\u00e8ncia &#8211; Taller de tres mesos a Piramidon Centre d&#8217;Art Contemporani, Barcelona. Artista en cartera del programa Ofcina36, despatx per a la gesti\u00f3 d&#8217;obra i representaci\u00f3 d&#8217;artistes emergents residents a Barcelona. ________________________________________ _______________________________________ Obra en col\u00b7leccions | Obra en colecciones | Work in collections Fundaci\u00f3 Guasch Coranty Piramidon Centre d&#8217;Art Contemporani Professional | Profesional | Professional 2013 Xerrada &#8220;Dami\u00e0 Vives: m\u00e9s enll\u00e0 de la l\u00ednia&#8221;. Impartida pel propi artista, Universitat Aut\u00f2noma de Barcelona. Lectura al III Encontro Artistas Novos &#8220;Cidade da Cultura&#8221;, Santiago de compostela. 2011 &#8220;Foc creuat entre arts i ci\u00e8ncia&#8221; Projecte art\u00edstic-cient\u00edfc de la Societat Catalana de Biologia. 2010 &#8220;CREA + INTERM\u00c8DIA &#8211; PRODUCCI\u00d3&#8221; Visita guiada. Museu Dioces\u00e0 de Lleida, Lleida. Ag\u00e8ncia Catalana de la Joventut. Sala d&#8217;Art Jove. Becari, Barcelona.<\/p>","protected":false},"excerpt":{"rendered":"<p>Formaci\u00f3 acad\u00e8mica 2010 M\u00e0ster Oficial en Produccions Art\u00edstiques i Recerca per la Universitat de Barcelona. 2008 Llicenciat en Belles Arts per la Universitat de Barcelona. Exposicions i premis 2015 &#8220;25 al quadrat&#8221;, Centre d&#8217;Art Piramid\u00f3n, Barcelona. &#8220;Archivo intervenido. Ciudad Tomada.&#8221;, Festival de arte contempor\u00e1neo de Saltillo, Saltillo, M\u00e9xico. Comissariat per Fernando G\u00f3mez de la Cuesta. [&hellip;]<\/p>\n","protected":false},"author":1,"featured_media":0,"parent":0,"menu_order":2,"comment_status":"closed","ping_status":"closed","template":"js\/bio.php","meta":{"_acf_changed":false,"footnotes":""},"class_list":["post-61","page","type-page","status-publish","hentry"],"acf":[],"jetpack_sharing_enabled":true,"_links":{"self":[{"href":"https:\/\/damiavives.com\/en\/wp-json\/wp\/v2\/pages\/61","targetHints":{"allow":["GET"]}}],"collection":[{"href":"https:\/\/damiavives.com\/en\/wp-json\/wp\/v2\/pages"}],"about":[{"href":"https:\/\/damiavives.com\/en\/wp-json\/wp\/v2\/types\/page"}],"author":[{"embeddable":true,"href":"https:\/\/damiavives.com\/en\/wp-json\/wp\/v2\/users\/1"}],"replies":[{"embeddable":true,"href":"https:\/\/damiavives.com\/en\/wp-json\/wp\/v2\/comments?post=61"}],"version-history":[{"count":11,"href":"https:\/\/damiavives.com\/en\/wp-json\/wp\/v2\/pages\/61\/revisions"}],"predecessor-version":[{"id":735,"href":"https:\/\/damiavives.com\/en\/wp-json\/wp\/v2\/pages\/61\/revisions\/735"}],"wp:attachment":[{"href":"https:\/\/damiavives.com\/en\/wp-json\/wp\/v2\/media?parent=61"}],"curies":[{"name":"wp","href":"https:\/\/api.w.org\/{rel}","templated":true}]}}